{"id":7971,"date":"2022-04-11T00:28:58","date_gmt":"2022-04-10T22:28:58","guid":{"rendered":"https:\/\/www.livingclub.eu\/galeria\/"},"modified":"2023-10-24T22:44:48","modified_gmt":"2023-10-24T20:44:48","slug":"portfolio","status":"publish","type":"page","link":"https:\/\/www.livingclub.eu\/en\/portfolio\/","title":{"rendered":"Portfolio"},"content":{"rendered":"","protected":false},"excerpt":{"rendered":"","protected":false},"author":1,"featured_media":7467,"parent":0,"menu_order":0,"comment_status":"closed","ping_status":"closed","template":"template-galeria.php","meta":{"footnotes":""},"class_list":["post-7971","page","type-page","status-publish","has-post-thumbnail","hentry"],"acf":[],"yoast_head":"<!-- This site is optimized with the Yoast SEO plugin v19.9 - https:\/\/yoast.com\/wordpress\/plugins\/seo\/ -->\n<title>Portfolio - Living Club - Discover beautiful tailor-made projects.<\/title>\n<meta name=\"description\" content=\"We have more than 16 years of experience with many satisfied clients. Take a look at our projects and contact us.\" \/>\n<meta name=\"robots\" content=\"index, follow, max-snippet:-1, max-image-preview:large, max-video-preview:-1\" \/>\n<link rel=\"canonical\" href=\"https:\/\/www.livingclub.eu\/en\/portfolio\/\" \/>\n<meta property=\"og:locale\" content=\"en_US\" \/>\n<meta property=\"og:type\" content=\"article\" \/>\n<meta property=\"og:title\" content=\"Portfolio - Living Club - Discover beautiful tailor-made projects.\" \/>\n<meta property=\"og:description\" content=\"We have more than 16 years of experience with many satisfied clients. Take a look at our projects and contact us.\" \/>\n<meta property=\"og:url\" content=\"https:\/\/www.livingclub.eu\/en\/portfolio\/\" \/>\n<meta property=\"og:site_name\" content=\"Living Club\" \/>\n<meta property=\"article:publisher\" content=\"https:\/\/www.facebook.com\/KlubByvania\/\" \/>\n<meta property=\"article:modified_time\" content=\"2023-10-24T20:44:48+00:00\" \/>\n<meta property=\"og:image\" content=\"https:\/\/www.livingclub.eu\/wp-content\/uploads\/2023\/08\/STARALESNA2.jpg\" \/>\n\t<meta property=\"og:image:width\" content=\"2048\" \/>\n\t<meta property=\"og:image:height\" content=\"1152\" \/>\n\t<meta property=\"og:image:type\" content=\"image\/jpeg\" \/>\n<meta name=\"twitter:card\" content=\"summary_large_image\" \/>\n<script type=\"application\/ld+json\" class=\"yoast-schema-graph\">{\"@context\":\"https:\/\/schema.org\",\"@graph\":[{\"@type\":\"WebPage\",\"@id\":\"https:\/\/www.livingclub.eu\/en\/portfolio\/\",\"url\":\"https:\/\/www.livingclub.eu\/en\/portfolio\/\",\"name\":\"Portfolio - Living Club - Discover beautiful tailor-made projects.\",\"isPartOf\":{\"@id\":\"https:\/\/www.livingclub.eu\/en\/#website\"},\"datePublished\":\"2022-04-10T22:28:58+00:00\",\"dateModified\":\"2023-10-24T20:44:48+00:00\",\"description\":\"We have more than 16 years of experience with many satisfied clients. Take a look at our projects and contact us.\",\"breadcrumb\":{\"@id\":\"https:\/\/www.livingclub.eu\/en\/portfolio\/#breadcrumb\"},\"inLanguage\":\"en-US\",\"potentialAction\":[{\"@type\":\"ReadAction\",\"target\":[\"https:\/\/www.livingclub.eu\/en\/portfolio\/\"]}]},{\"@type\":\"BreadcrumbList\",\"@id\":\"https:\/\/www.livingclub.eu\/en\/portfolio\/#breadcrumb\",\"itemListElement\":[{\"@type\":\"ListItem\",\"position\":1,\"name\":\"Domovsk\u00e1 str\u00e1nka\",\"item\":\"https:\/\/www.livingclub.eu\/en\/domovska-stranka\/\"},{\"@type\":\"ListItem\",\"position\":2,\"name\":\"Portfolio\"}]},{\"@type\":\"WebSite\",\"@id\":\"https:\/\/www.livingclub.eu\/en\/#website\",\"url\":\"https:\/\/www.livingclub.eu\/en\/\",\"name\":\"Living Club\",\"description\":\"N\u00e1vrhy a realiz\u00e1cie rodinn\u00fdch domov a interi\u00e9rov.\",\"publisher\":{\"@id\":\"https:\/\/www.livingclub.eu\/en\/#organization\"},\"potentialAction\":[{\"@type\":\"SearchAction\",\"target\":{\"@type\":\"EntryPoint\",\"urlTemplate\":\"https:\/\/www.livingclub.eu\/en\/?s={search_term_string}\"},\"query-input\":\"required name=search_term_string\"}],\"inLanguage\":\"en-US\"},{\"@type\":\"Organization\",\"@id\":\"https:\/\/www.livingclub.eu\/en\/#organization\",\"name\":\"Livingclub\",\"url\":\"https:\/\/www.livingclub.eu\/en\/\",\"logo\":{\"@type\":\"ImageObject\",\"inLanguage\":\"en-US\",\"@id\":\"https:\/\/www.livingclub.eu\/en\/#\/schema\/logo\/image\/\",\"url\":\"https:\/\/www.livingclub.eu\/wp-content\/uploads\/2022\/04\/watermark-e1650888260623.png\",\"contentUrl\":\"https:\/\/www.livingclub.eu\/wp-content\/uploads\/2022\/04\/watermark-e1650888260623.png\",\"width\":120,\"height\":120,\"caption\":\"Livingclub\"},\"image\":{\"@id\":\"https:\/\/www.livingclub.eu\/en\/#\/schema\/logo\/image\/\"},\"sameAs\":[\"https:\/\/www.instagram.com\/klub_byvania\/\",\"https:\/\/www.facebook.com\/KlubByvania\/\"]}]}<\/script>\n<!-- \/ Yoast SEO plugin. -->","yoast_head_json":{"title":"Portfolio - Living Club - Discover beautiful tailor-made projects.","description":"We have more than 16 years of experience with many satisfied clients. Take a look at our projects and contact us.","robots":{"index":"index","follow":"follow","max-snippet":"max-snippet:-1","max-image-preview":"max-image-preview:large","max-video-preview":"max-video-preview:-1"},"canonical":"https:\/\/www.livingclub.eu\/en\/portfolio\/","og_locale":"en_US","og_type":"article","og_title":"Portfolio - Living Club - Discover beautiful tailor-made projects.","og_description":"We have more than 16 years of experience with many satisfied clients. Take a look at our projects and contact us.","og_url":"https:\/\/www.livingclub.eu\/en\/portfolio\/","og_site_name":"Living Club","article_publisher":"https:\/\/www.facebook.com\/KlubByvania\/","article_modified_time":"2023-10-24T20:44:48+00:00","og_image":[{"width":2048,"height":1152,"url":"https:\/\/www.livingclub.eu\/wp-content\/uploads\/2023\/08\/STARALESNA2.jpg","type":"image\/jpeg"}],"twitter_card":"summary_large_image","schema":{"@context":"https:\/\/schema.org","@graph":[{"@type":"WebPage","@id":"https:\/\/www.livingclub.eu\/en\/portfolio\/","url":"https:\/\/www.livingclub.eu\/en\/portfolio\/","name":"Portfolio - Living Club - Discover beautiful tailor-made projects.","isPartOf":{"@id":"https:\/\/www.livingclub.eu\/en\/#website"},"datePublished":"2022-04-10T22:28:58+00:00","dateModified":"2023-10-24T20:44:48+00:00","description":"We have more than 16 years of experience with many satisfied clients. Take a look at our projects and contact us.","breadcrumb":{"@id":"https:\/\/www.livingclub.eu\/en\/portfolio\/#breadcrumb"},"inLanguage":"en-US","potentialAction":[{"@type":"ReadAction","target":["https:\/\/www.livingclub.eu\/en\/portfolio\/"]}]},{"@type":"BreadcrumbList","@id":"https:\/\/www.livingclub.eu\/en\/portfolio\/#breadcrumb","itemListElement":[{"@type":"ListItem","position":1,"name":"Domovsk\u00e1 str\u00e1nka","item":"https:\/\/www.livingclub.eu\/en\/domovska-stranka\/"},{"@type":"ListItem","position":2,"name":"Portfolio"}]},{"@type":"WebSite","@id":"https:\/\/www.livingclub.eu\/en\/#website","url":"https:\/\/www.livingclub.eu\/en\/","name":"Living Club","description":"N\u00e1vrhy a realiz\u00e1cie rodinn\u00fdch domov a interi\u00e9rov.","publisher":{"@id":"https:\/\/www.livingclub.eu\/en\/#organization"},"potentialAction":[{"@type":"SearchAction","target":{"@type":"EntryPoint","urlTemplate":"https:\/\/www.livingclub.eu\/en\/?s={search_term_string}"},"query-input":"required name=search_term_string"}],"inLanguage":"en-US"},{"@type":"Organization","@id":"https:\/\/www.livingclub.eu\/en\/#organization","name":"Livingclub","url":"https:\/\/www.livingclub.eu\/en\/","logo":{"@type":"ImageObject","inLanguage":"en-US","@id":"https:\/\/www.livingclub.eu\/en\/#\/schema\/logo\/image\/","url":"https:\/\/www.livingclub.eu\/wp-content\/uploads\/2022\/04\/watermark-e1650888260623.png","contentUrl":"https:\/\/www.livingclub.eu\/wp-content\/uploads\/2022\/04\/watermark-e1650888260623.png","width":120,"height":120,"caption":"Livingclub"},"image":{"@id":"https:\/\/www.livingclub.eu\/en\/#\/schema\/logo\/image\/"},"sameAs":["https:\/\/www.instagram.com\/klub_byvania\/","https:\/\/www.facebook.com\/KlubByvania\/"]}]}},"_links":{"self":[{"href":"https:\/\/www.livingclub.eu\/en\/wp-json\/wp\/v2\/pages\/7971","targetHints":{"allow":["GET"]}}],"collection":[{"href":"https:\/\/www.livingclub.eu\/en\/wp-json\/wp\/v2\/pages"}],"about":[{"href":"https:\/\/www.livingclub.eu\/en\/wp-json\/wp\/v2\/types\/page"}],"author":[{"embeddable":true,"href":"https:\/\/www.livingclub.eu\/en\/wp-json\/wp\/v2\/users\/1"}],"replies":[{"embeddable":true,"href":"https:\/\/www.livingclub.eu\/en\/wp-json\/wp\/v2\/comments?post=7971"}],"version-history":[{"count":1,"href":"https:\/\/www.livingclub.eu\/en\/wp-json\/wp\/v2\/pages\/7971\/revisions"}],"predecessor-version":[{"id":7973,"href":"https:\/\/www.livingclub.eu\/en\/wp-json\/wp\/v2\/pages\/7971\/revisions\/7973"}],"wp:featuredmedia":[{"embeddable":true,"href":"https:\/\/www.livingclub.eu\/en\/wp-json\/wp\/v2\/media\/7467"}],"wp:attachment":[{"href":"https:\/\/www.livingclub.eu\/en\/wp-json\/wp\/v2\/media?parent=7971"}],"curies":[{"name":"wp","href":"https:\/\/api.w.org\/{rel}","templated":true}]}}