{"id":12320,"date":"2022-04-11T00:29:42","date_gmt":"2022-04-10T22:29:42","guid":{"rendered":"https:\/\/www.livingclub.eu\/kontakt\/"},"modified":"2026-03-17T23:53:52","modified_gmt":"2026-03-17T22:53:52","slug":"kontakt-schweiz","status":"publish","type":"page","link":"https:\/\/www.livingclub.eu\/de\/kontakt-schweiz\/","title":{"rendered":"Kontakt"},"content":{"rendered":"","protected":false},"excerpt":{"rendered":"","protected":false},"author":1,"featured_media":12770,"parent":0,"menu_order":0,"comment_status":"closed","ping_status":"closed","template":"template-kontakt.php","meta":{"footnotes":""},"class_list":["post-12320","page","type-page","status-publish","has-post-thumbnail","hentry"],"acf":[],"yoast_head":"<!-- This site is optimized with the Yoast SEO plugin v19.9 - https:\/\/yoast.com\/wordpress\/plugins\/seo\/ -->\n<title>Kontakt - Living Club<\/title>\n<meta name=\"description\" content=\"Unsere erfahrenen Architekten und Interior-Designer gestalten Ihr Zuhause ganz nach Ihrem Stil. Passen Sie sich nicht dem Raum an \u2013 wir passen den Raum Ihnen an!\" \/>\n<meta name=\"robots\" content=\"index, follow, max-snippet:-1, max-image-preview:large, max-video-preview:-1\" \/>\n<link rel=\"canonical\" href=\"https:\/\/www.livingclub.eu\/de\/kontakt-schweiz\/\" \/>\n<meta property=\"og:locale\" content=\"de_DE\" \/>\n<meta property=\"og:type\" content=\"article\" \/>\n<meta property=\"og:title\" content=\"Kontakt - Living Club\" \/>\n<meta property=\"og:description\" content=\"Unsere erfahrenen Architekten und Interior-Designer gestalten Ihr Zuhause ganz nach Ihrem Stil. Passen Sie sich nicht dem Raum an \u2013 wir passen den Raum Ihnen an!\" \/>\n<meta property=\"og:url\" content=\"https:\/\/www.livingclub.eu\/de\/kontakt-schweiz\/\" \/>\n<meta property=\"og:site_name\" content=\"Living Club\" \/>\n<meta property=\"article:publisher\" content=\"https:\/\/www.facebook.com\/KlubByvania\/\" \/>\n<meta property=\"article:modified_time\" content=\"2026-03-17T22:53:52+00:00\" \/>\n<meta property=\"og:image\" content=\"https:\/\/www.livingclub.eu\/wp-content\/uploads\/2026\/03\/VWKontakt.jpg\" \/>\n\t<meta property=\"og:image:width\" content=\"1024\" \/>\n\t<meta property=\"og:image:height\" content=\"576\" \/>\n\t<meta property=\"og:image:type\" content=\"image\/jpeg\" \/>\n<meta name=\"twitter:card\" content=\"summary_large_image\" \/>\n<script type=\"application\/ld+json\" class=\"yoast-schema-graph\">{\"@context\":\"https:\/\/schema.org\",\"@graph\":[{\"@type\":\"WebPage\",\"@id\":\"https:\/\/www.livingclub.eu\/de\/kontakt-schweiz\/\",\"url\":\"https:\/\/www.livingclub.eu\/de\/kontakt-schweiz\/\",\"name\":\"Kontakt - Living Club\",\"isPartOf\":{\"@id\":\"https:\/\/www.livingclub.eu\/de\/#website\"},\"datePublished\":\"2022-04-10T22:29:42+00:00\",\"dateModified\":\"2026-03-17T22:53:52+00:00\",\"description\":\"Unsere erfahrenen Architekten und Interior-Designer gestalten Ihr Zuhause ganz nach Ihrem Stil. Passen Sie sich nicht dem Raum an \u2013 wir passen den Raum Ihnen an!\",\"breadcrumb\":{\"@id\":\"https:\/\/www.livingclub.eu\/de\/kontakt-schweiz\/#breadcrumb\"},\"inLanguage\":\"de\",\"potentialAction\":[{\"@type\":\"ReadAction\",\"target\":[\"https:\/\/www.livingclub.eu\/de\/kontakt-schweiz\/\"]}]},{\"@type\":\"BreadcrumbList\",\"@id\":\"https:\/\/www.livingclub.eu\/de\/kontakt-schweiz\/#breadcrumb\",\"itemListElement\":[{\"@type\":\"ListItem\",\"position\":1,\"name\":\"Domovsk\u00e1 str\u00e1nka\",\"item\":\"https:\/\/www.livingclub.eu\/de\/\"},{\"@type\":\"ListItem\",\"position\":2,\"name\":\"Kontakt\"}]},{\"@type\":\"WebSite\",\"@id\":\"https:\/\/www.livingclub.eu\/de\/#website\",\"url\":\"https:\/\/www.livingclub.eu\/de\/\",\"name\":\"Living Club\",\"description\":\"N\u00e1vrhy a realiz\u00e1cie rodinn\u00fdch domov a interi\u00e9rov.\",\"publisher\":{\"@id\":\"https:\/\/www.livingclub.eu\/de\/#organization\"},\"potentialAction\":[{\"@type\":\"SearchAction\",\"target\":{\"@type\":\"EntryPoint\",\"urlTemplate\":\"https:\/\/www.livingclub.eu\/de\/?s={search_term_string}\"},\"query-input\":\"required name=search_term_string\"}],\"inLanguage\":\"de\"},{\"@type\":\"Organization\",\"@id\":\"https:\/\/www.livingclub.eu\/de\/#organization\",\"name\":\"Livingclub\",\"url\":\"https:\/\/www.livingclub.eu\/de\/\",\"logo\":{\"@type\":\"ImageObject\",\"inLanguage\":\"de\",\"@id\":\"https:\/\/www.livingclub.eu\/de\/#\/schema\/logo\/image\/\",\"url\":\"https:\/\/www.livingclub.eu\/wp-content\/uploads\/2022\/04\/watermark-e1650888260623.png\",\"contentUrl\":\"https:\/\/www.livingclub.eu\/wp-content\/uploads\/2022\/04\/watermark-e1650888260623.png\",\"width\":120,\"height\":120,\"caption\":\"Livingclub\"},\"image\":{\"@id\":\"https:\/\/www.livingclub.eu\/de\/#\/schema\/logo\/image\/\"},\"sameAs\":[\"https:\/\/www.instagram.com\/klub_byvania\/\",\"https:\/\/www.facebook.com\/KlubByvania\/\"]}]}<\/script>\n<!-- \/ Yoast SEO plugin. -->","yoast_head_json":{"title":"Kontakt - Living Club","description":"Unsere erfahrenen Architekten und Interior-Designer gestalten Ihr Zuhause ganz nach Ihrem Stil. Passen Sie sich nicht dem Raum an \u2013 wir passen den Raum Ihnen an!","robots":{"index":"index","follow":"follow","max-snippet":"max-snippet:-1","max-image-preview":"max-image-preview:large","max-video-preview":"max-video-preview:-1"},"canonical":"https:\/\/www.livingclub.eu\/de\/kontakt-schweiz\/","og_locale":"de_DE","og_type":"article","og_title":"Kontakt - Living Club","og_description":"Unsere erfahrenen Architekten und Interior-Designer gestalten Ihr Zuhause ganz nach Ihrem Stil. Passen Sie sich nicht dem Raum an \u2013 wir passen den Raum Ihnen an!","og_url":"https:\/\/www.livingclub.eu\/de\/kontakt-schweiz\/","og_site_name":"Living Club","article_publisher":"https:\/\/www.facebook.com\/KlubByvania\/","article_modified_time":"2026-03-17T22:53:52+00:00","og_image":[{"width":1024,"height":576,"url":"https:\/\/www.livingclub.eu\/wp-content\/uploads\/2026\/03\/VWKontakt.jpg","type":"image\/jpeg"}],"twitter_card":"summary_large_image","schema":{"@context":"https:\/\/schema.org","@graph":[{"@type":"WebPage","@id":"https:\/\/www.livingclub.eu\/de\/kontakt-schweiz\/","url":"https:\/\/www.livingclub.eu\/de\/kontakt-schweiz\/","name":"Kontakt - Living Club","isPartOf":{"@id":"https:\/\/www.livingclub.eu\/de\/#website"},"datePublished":"2022-04-10T22:29:42+00:00","dateModified":"2026-03-17T22:53:52+00:00","description":"Unsere erfahrenen Architekten und Interior-Designer gestalten Ihr Zuhause ganz nach Ihrem Stil. Passen Sie sich nicht dem Raum an \u2013 wir passen den Raum Ihnen an!","breadcrumb":{"@id":"https:\/\/www.livingclub.eu\/de\/kontakt-schweiz\/#breadcrumb"},"inLanguage":"de","potentialAction":[{"@type":"ReadAction","target":["https:\/\/www.livingclub.eu\/de\/kontakt-schweiz\/"]}]},{"@type":"BreadcrumbList","@id":"https:\/\/www.livingclub.eu\/de\/kontakt-schweiz\/#breadcrumb","itemListElement":[{"@type":"ListItem","position":1,"name":"Domovsk\u00e1 str\u00e1nka","item":"https:\/\/www.livingclub.eu\/de\/"},{"@type":"ListItem","position":2,"name":"Kontakt"}]},{"@type":"WebSite","@id":"https:\/\/www.livingclub.eu\/de\/#website","url":"https:\/\/www.livingclub.eu\/de\/","name":"Living Club","description":"N\u00e1vrhy a realiz\u00e1cie rodinn\u00fdch domov a interi\u00e9rov.","publisher":{"@id":"https:\/\/www.livingclub.eu\/de\/#organization"},"potentialAction":[{"@type":"SearchAction","target":{"@type":"EntryPoint","urlTemplate":"https:\/\/www.livingclub.eu\/de\/?s={search_term_string}"},"query-input":"required name=search_term_string"}],"inLanguage":"de"},{"@type":"Organization","@id":"https:\/\/www.livingclub.eu\/de\/#organization","name":"Livingclub","url":"https:\/\/www.livingclub.eu\/de\/","logo":{"@type":"ImageObject","inLanguage":"de","@id":"https:\/\/www.livingclub.eu\/de\/#\/schema\/logo\/image\/","url":"https:\/\/www.livingclub.eu\/wp-content\/uploads\/2022\/04\/watermark-e1650888260623.png","contentUrl":"https:\/\/www.livingclub.eu\/wp-content\/uploads\/2022\/04\/watermark-e1650888260623.png","width":120,"height":120,"caption":"Livingclub"},"image":{"@id":"https:\/\/www.livingclub.eu\/de\/#\/schema\/logo\/image\/"},"sameAs":["https:\/\/www.instagram.com\/klub_byvania\/","https:\/\/www.facebook.com\/KlubByvania\/"]}]}},"_links":{"self":[{"href":"https:\/\/www.livingclub.eu\/de\/wp-json\/wp\/v2\/pages\/12320","targetHints":{"allow":["GET"]}}],"collection":[{"href":"https:\/\/www.livingclub.eu\/de\/wp-json\/wp\/v2\/pages"}],"about":[{"href":"https:\/\/www.livingclub.eu\/de\/wp-json\/wp\/v2\/types\/page"}],"author":[{"embeddable":true,"href":"https:\/\/www.livingclub.eu\/de\/wp-json\/wp\/v2\/users\/1"}],"replies":[{"embeddable":true,"href":"https:\/\/www.livingclub.eu\/de\/wp-json\/wp\/v2\/comments?post=12320"}],"version-history":[{"count":14,"href":"https:\/\/www.livingclub.eu\/de\/wp-json\/wp\/v2\/pages\/12320\/revisions"}],"predecessor-version":[{"id":12773,"href":"https:\/\/www.livingclub.eu\/de\/wp-json\/wp\/v2\/pages\/12320\/revisions\/12773"}],"wp:featuredmedia":[{"embeddable":true,"href":"https:\/\/www.livingclub.eu\/de\/wp-json\/wp\/v2\/media\/12770"}],"wp:attachment":[{"href":"https:\/\/www.livingclub.eu\/de\/wp-json\/wp\/v2\/media?parent=12320"}],"curies":[{"name":"wp","href":"https:\/\/api.w.org\/{rel}","templated":true}]}}